{"id":261,"date":"2025-08-20T14:02:23","date_gmt":"2025-08-20T05:02:23","guid":{"rendered":"https:\/\/nojirikensou.jp\/?page_id=261"},"modified":"2025-08-20T14:44:14","modified_gmt":"2025-08-20T05:44:14","slug":"%e6%96%b0%e7%9d%80%e6%83%85%e5%a0%b1","status":"publish","type":"page","link":"https:\/\/nojirikensou.jp\/?page_id=261","title":{"rendered":"\u65b0\u7740\u60c5\u5831"},"content":{"rendered":"\n<div class=\"wp-block-vk-blocks-spacer vk_spacer vk_spacer-type-margin-top\"><div class=\"vk_block-margin-lg--margin-top\"><\/div><\/div>\n\n\n\n<div id=\"sb_instagram\"  class=\"sbi sbi_mob_col_1 sbi_tab_col_2 sbi_col_3 sbi_width_resp sbi_palette_light\" style=\"padding-bottom: 10px;\"\t data-feedid=\"*1\"  data-res=\"auto\" data-cols=\"3\" data-colsmobile=\"1\" data-colstablet=\"2\" data-num=\"9\" data-nummobile=\"3\" data-item-padding=\"5\"\t data-shortcode-atts=\"{&quot;feed&quot;:&quot;1&quot;}\"  data-postid=\"261\" data-locatornonce=\"b417ea4749\" data-imageaspectratio=\"1:1\" data-sbi-flags=\"favorLocal\">\n\t<div class=\"sb_instagram_header  sbi_medium sbi_header_palette_light\"   >\n\t<a class=\"sbi_header_link\" target=\"_blank\"\n\t   rel=\"nofollow noopener\" href=\"https:\/\/www.instagram.com\/nojiken11\/\" title=\"@nojiken11\">\n\t\t<div class=\"sbi_header_text\">\n\t\t\t<div class=\"sbi_header_img\"  data-avatar-url=\"https:\/\/scontent-itm1-1.cdninstagram.com\/v\/t51.2885-19\/473111951_1143312970779842_6458506660229757234_n.jpg?stp=dst-jpg_s206x206_tt6&amp;_nc_cat=104&amp;ccb=7-5&amp;_nc_sid=bf7eb4&amp;efg=eyJ2ZW5jb2RlX3RhZyI6InByb2ZpbGVfcGljLnd3dy45NjIuQzMifQ%3D%3D&amp;_nc_ohc=jFMwRoEkYvgQ7kNvwEiDA9Z&amp;_nc_oc=AdnZ33zoCASFuGd46v8G8t6Mwq6Pc05qg0WRvSIfzX69jW2I66Cce3r1-watlJxTc3s&amp;_nc_zt=24&amp;_nc_ht=scontent-itm1-1.cdninstagram.com&amp;edm=AP4hL3IEAAAA&amp;oh=00_AfcUpVaxFYniTJAgXi-b5yz31K1FxchTwlLIIY_8E7nJdA&amp;oe=68FAEA70\">\n\t\t\t\t\t\t\t\t\t<div class=\"sbi_header_img_hover\"  ><svg class=\"sbi_new_logo fa-instagram fa-w-14\" aria-hidden=\"true\" data-fa-processed=\"\" aria-label=\"Instagram\" data-prefix=\"fab\" data-icon=\"instagram\" role=\"img\" viewBox=\"0 0 448 512\">\n                    <path fill=\"currentColor\" d=\"M224.1 141c-63.6 0-114.9 51.3-114.9 114.9s51.3 114.9 114.9 114.9S339 319.5 339 255.9 287.7 141 224.1 141zm0 189.6c-41.1 0-74.7-33.5-74.7-74.7s33.5-74.7 74.7-74.7 74.7 33.5 74.7 74.7-33.6 74.7-74.7 74.7zm146.4-194.3c0 14.9-12 26.8-26.8 26.8-14.9 0-26.8-12-26.8-26.8s12-26.8 26.8-26.8 26.8 12 26.8 26.8zm76.1 27.2c-1.7-35.9-9.9-67.7-36.2-93.9-26.2-26.2-58-34.4-93.9-36.2-37-2.1-147.9-2.1-184.9 0-35.8 1.7-67.6 9.9-93.9 36.1s-34.4 58-36.2 93.9c-2.1 37-2.1 147.9 0 184.9 1.7 35.9 9.9 67.7 36.2 93.9s58 34.4 93.9 36.2c37 2.1 147.9 2.1 184.9 0 35.9-1.7 67.7-9.9 93.9-36.2 26.2-26.2 34.4-58 36.2-93.9 2.1-37 2.1-147.8 0-184.8zM398.8 388c-7.8 19.6-22.9 34.7-42.6 42.6-29.5 11.7-99.5 9-132.1 9s-102.7 2.6-132.1-9c-19.6-7.8-34.7-22.9-42.6-42.6-11.7-29.5-9-99.5-9-132.1s-2.6-102.7 9-132.1c7.8-19.6 22.9-34.7 42.6-42.6 29.5-11.7 99.5-9 132.1-9s102.7-2.6 132.1 9c19.6 7.8 34.7 22.9 42.6 42.6 11.7 29.5 9 99.5 9 132.1s2.7 102.7-9 132.1z\"><\/path>\n                <\/svg><\/div>\n\t\t\t\t\t<img loading=\"lazy\" decoding=\"async\"  src=\"https:\/\/nojirikensou.jp\/wp-content\/uploads\/sb-instagram-feed-images\/nojiken11.webp\" alt=\"\" width=\"50\" height=\"50\">\n\t\t\t\t\n\t\t\t\t\t\t\t<\/div>\n\n\t\t\t<div class=\"sbi_feedtheme_header_text\">\n\t\t\t\t<h3>nojiken11<\/h3>\n\t\t\t\t\t\t\t\t\t<p class=\"sbi_bio\">#\u5185\u88c5\u4ed5\u4e0a\u3052\u5de5\u4e8b<br>\n\u203b\u5929\u4e95\u3000\u58c1\u3000\u8efd\u9244\u4e0b\u5730  LGS  \u8cbc\u308a\u3000\u30dc\u30fc\u30c9\u3000\u30b1\u30a4\u30ab\u30eb\u3000\u5316\u7ca7\u7269\u3002<br>\n\u548c\u6b4c\u5c71\u3092\u62e0\u70b9\u306b\u8fd1\u757f\u4e00\u5186\u3067\u4e3b\u306b\u8efd\u5929\u5de5\u4e8b\u3057\u3066\u307e\u3059<br>\n\u5e73\u5747\u5e74\u9f6226\u6b73\u3002<br>\n\u5fdc\u63f4\u4f9d\u983c\u3001\u624b\u9593\u8acb\u3051\u3001\u6750\u5de5\u3001\u5354\u529b\u4f1a\u793e\u69d8\u3001\u5143\u8acb\u69d8\u3001\u304a\u6c17\u8efd\u306bDM\u304f\u3060\u3055\u3044\u3002<br>\n\u73fe\u5728\u5e38\u66428\u540d\u3000\u5f93\u696d\u54e1\u3082\u52df\u96c6\u3057\u3066\u307e\u3059\uff01<br>\n\u5185\u88c5\u5de5\u4e8b\u306b\u8208\u5473\u3042\u308b\u65b9\u9023\u7d61\u304a\u5f85\u3061\u3057\u3066\u307e\u3059<\/p>\n\t\t\t\t\t\t\t<\/div>\n\t\t<\/div>\n\t<\/a>\n<\/div>\n\n\t<div id=\"sbi_images\"  style=\"gap: 10px;\">\n\t\t<div class=\"sbi_item sbi_type_carousel sbi_new sbi_transition\"\n\tid=\"sbi_18136492210383926\" data-date=\"1740129592\">\n\t<div class=\"sbi_photo_wrap\">\n\t\t<a class=\"sbi_photo\" href=\"https:\/\/www.instagram.com\/p\/DGVGCYWS89z\/\" target=\"_blank\" rel=\"noopener nofollow\"\n\t\t\tdata-full-res=\"https:\/\/scontent-itm1-1.cdninstagram.com\/v\/t51.75761-15\/480740294_17975351663817032_7503815290517932605_n.jpg?stp=dst-jpg_e35_tt6&#038;_nc_cat=102&#038;ccb=1-7&#038;_nc_sid=18de74&#038;efg=eyJlZmdfdGFnIjoiQ0FST1VTRUxfSVRFTS5iZXN0X2ltYWdlX3VybGdlbi5DMyJ9&#038;_nc_ohc=9jvSkTd1jGwQ7kNvwEdV13j&#038;_nc_oc=AdmZTHF3myFwbKM5UpDXs02wa-kQb1xxvfPHZ15juh5c4pDKYUJoMJ5gYh69Y1umcWQ&#038;_nc_zt=23&#038;_nc_ht=scontent-itm1-1.cdninstagram.com&#038;edm=ANo9K5cEAAAA&#038;_nc_gid=4Q7dWRkBG49WPKMuKkyM6g&#038;oh=00_AfdV5MDf9O6YIuheesmtYfnngcdPF3KrtvBXxg5OH8Rv0g&#038;oe=68FB0DD6\"\n\t\t\tdata-img-src-set=\"{&quot;d&quot;:&quot;https:\\\/\\\/scontent-itm1-1.cdninstagram.com\\\/v\\\/t51.75761-15\\\/480740294_17975351663817032_7503815290517932605_n.jpg?stp=dst-jpg_e35_tt6&amp;_nc_cat=102&amp;ccb=1-7&amp;_nc_sid=18de74&amp;efg=eyJlZmdfdGFnIjoiQ0FST1VTRUxfSVRFTS5iZXN0X2ltYWdlX3VybGdlbi5DMyJ9&amp;_nc_ohc=9jvSkTd1jGwQ7kNvwEdV13j&amp;_nc_oc=AdmZTHF3myFwbKM5UpDXs02wa-kQb1xxvfPHZ15juh5c4pDKYUJoMJ5gYh69Y1umcWQ&amp;_nc_zt=23&amp;_nc_ht=scontent-itm1-1.cdninstagram.com&amp;edm=ANo9K5cEAAAA&amp;_nc_gid=4Q7dWRkBG49WPKMuKkyM6g&amp;oh=00_AfdV5MDf9O6YIuheesmtYfnngcdPF3KrtvBXxg5OH8Rv0g&amp;oe=68FB0DD6&quot;,&quot;150&quot;:&quot;https:\\\/\\\/scontent-itm1-1.cdninstagram.com\\\/v\\\/t51.75761-15\\\/480740294_17975351663817032_7503815290517932605_n.jpg?stp=dst-jpg_e35_tt6&amp;_nc_cat=102&amp;ccb=1-7&amp;_nc_sid=18de74&amp;efg=eyJlZmdfdGFnIjoiQ0FST1VTRUxfSVRFTS5iZXN0X2ltYWdlX3VybGdlbi5DMyJ9&amp;_nc_ohc=9jvSkTd1jGwQ7kNvwEdV13j&amp;_nc_oc=AdmZTHF3myFwbKM5UpDXs02wa-kQb1xxvfPHZ15juh5c4pDKYUJoMJ5gYh69Y1umcWQ&amp;_nc_zt=23&amp;_nc_ht=scontent-itm1-1.cdninstagram.com&amp;edm=ANo9K5cEAAAA&amp;_nc_gid=4Q7dWRkBG49WPKMuKkyM6g&amp;oh=00_AfdV5MDf9O6YIuheesmtYfnngcdPF3KrtvBXxg5OH8Rv0g&amp;oe=68FB0DD6&quot;,&quot;320&quot;:&quot;https:\\\/\\\/scontent-itm1-1.cdninstagram.com\\\/v\\\/t51.75761-15\\\/480740294_17975351663817032_7503815290517932605_n.jpg?stp=dst-jpg_e35_tt6&amp;_nc_cat=102&amp;ccb=1-7&amp;_nc_sid=18de74&amp;efg=eyJlZmdfdGFnIjoiQ0FST1VTRUxfSVRFTS5iZXN0X2ltYWdlX3VybGdlbi5DMyJ9&amp;_nc_ohc=9jvSkTd1jGwQ7kNvwEdV13j&amp;_nc_oc=AdmZTHF3myFwbKM5UpDXs02wa-kQb1xxvfPHZ15juh5c4pDKYUJoMJ5gYh69Y1umcWQ&amp;_nc_zt=23&amp;_nc_ht=scontent-itm1-1.cdninstagram.com&amp;edm=ANo9K5cEAAAA&amp;_nc_gid=4Q7dWRkBG49WPKMuKkyM6g&amp;oh=00_AfdV5MDf9O6YIuheesmtYfnngcdPF3KrtvBXxg5OH8Rv0g&amp;oe=68FB0DD6&quot;,&quot;640&quot;:&quot;https:\\\/\\\/scontent-itm1-1.cdninstagram.com\\\/v\\\/t51.75761-15\\\/480740294_17975351663817032_7503815290517932605_n.jpg?stp=dst-jpg_e35_tt6&amp;_nc_cat=102&amp;ccb=1-7&amp;_nc_sid=18de74&amp;efg=eyJlZmdfdGFnIjoiQ0FST1VTRUxfSVRFTS5iZXN0X2ltYWdlX3VybGdlbi5DMyJ9&amp;_nc_ohc=9jvSkTd1jGwQ7kNvwEdV13j&amp;_nc_oc=AdmZTHF3myFwbKM5UpDXs02wa-kQb1xxvfPHZ15juh5c4pDKYUJoMJ5gYh69Y1umcWQ&amp;_nc_zt=23&amp;_nc_ht=scontent-itm1-1.cdninstagram.com&amp;edm=ANo9K5cEAAAA&amp;_nc_gid=4Q7dWRkBG49WPKMuKkyM6g&amp;oh=00_AfdV5MDf9O6YIuheesmtYfnngcdPF3KrtvBXxg5OH8Rv0g&amp;oe=68FB0DD6&quot;}\">\n\t\t\t<span class=\"sbi-screenreader\">\u548c\u6b4c\u5c71\u5e02\u3067\u4ed5\u4e8b\u63a2\u3057\u4e2d\u306e\u65b9\u5fc5\u898b\u203c\ufe0f\u672a\u6765\u3092\u62c5\u3046\u82e5\u624b\u4f5c\u696d\u54e1\u52df\u96c6\u3057\u3066\u307e\u3059\ud83d\udc77\n\u7d4c\u9a13\u8005\u3082\u5927\u6b53\u8fce\u3067\u3059\u3002\n\u8efd\u5929\u5de5\u4e8b\u3068<\/span>\n\t\t\t<svg class=\"svg-inline--fa fa-clone fa-w-16 sbi_lightbox_carousel_icon\" aria-hidden=\"true\" aria-label=\"Clone\" data-fa-pro\u0192cessed=\"\" data-prefix=\"far\" data-icon=\"clone\" role=\"img\" xmlns=\"http:\/\/www.w3.org\/2000\/svg\" viewBox=\"0 0 512 512\">\n                    <path fill=\"currentColor\" d=\"M464 0H144c-26.51 0-48 21.49-48 48v48H48c-26.51 0-48 21.49-48 48v320c0 26.51 21.49 48 48 48h320c26.51 0 48-21.49 48-48v-48h48c26.51 0 48-21.49 48-48V48c0-26.51-21.49-48-48-48zM362 464H54a6 6 0 0 1-6-6V150a6 6 0 0 1 6-6h42v224c0 26.51 21.49 48 48 48h224v42a6 6 0 0 1-6 6zm96-96H150a6 6 0 0 1-6-6V54a6 6 0 0 1 6-6h308a6 6 0 0 1 6 6v308a6 6 0 0 1-6 6z\"><\/path>\n                <\/svg>\t\t\t\t\t\t<img decoding=\"async\" src=\"https:\/\/nojirikensou.jp\/wp-content\/plugins\/instagram-feed\/img\/placeholder.png\" alt=\"\u548c\u6b4c\u5c71\u5e02\u3067\u4ed5\u4e8b\u63a2\u3057\u4e2d\u306e\u65b9\u5fc5\u898b\u203c\ufe0f\u672a\u6765\u3092\u62c5\u3046\u82e5\u624b\u4f5c\u696d\u54e1\u52df\u96c6\u3057\u3066\u307e\u3059\ud83d\udc77\n\u7d4c\u9a13\u8005\u3082\u5927\u6b53\u8fce\u3067\u3059\u3002\n\u8efd\u5929\u5de5\u4e8b\u3068\u306f\u3001\u5efa\u7269\u5185\u90e8\u306e\u58c1\u3084\u5929\u4e95\u3092\u4f5c\u308b\u4ed5\u4e8b\u3067\u3059\u3002\n\u662f\u975e\u4e00\u5ea6\u30db\u30fc\u30e0\u30da\u30fc\u30b8\u3092\u3054\u89a7\u4e0b\u3055\u3044\u3002\n\n#\u548c\u6b4c\u5c71\u5e02\u3000#\u30ce\u30b8\u30ea\u5efa\u88c5\u3000#\u8efd\u5929\u5de5\u4e8b\n#\u8efd\u5929\u5c4b\u3000#NOJIKEN  #\u5185\u88c5\u4ed5\u4e0a\u3052\u5de5\u4e8b \n#\u548c\u6b4c\u5c71\u5185\u88c5\u5de5\u4e8b\u3000#\u5185\u88c5\u3000#LGS #\u30dc\u30fc\u30c9\u3000\n#\u5f93\u696d\u54e1\u52df\u96c6\n#\u5354\u529b\u4f1a\u793e\u52df\u96c6\u4e2d\n#\u6c42\u4eba\u3000#\u6b63\u793e\u54e1\u52df\u96c6\" aria-hidden=\"true\">\n\t\t<\/a>\n\t<\/div>\n<\/div><div class=\"sbi_item sbi_type_carousel sbi_new sbi_transition\"\n\tid=\"sbi_18009957512279312\" data-date=\"1703904184\">\n\t<div class=\"sbi_photo_wrap\">\n\t\t<a class=\"sbi_photo\" href=\"https:\/\/www.instagram.com\/p\/C1dfjeIyqdi\/\" target=\"_blank\" rel=\"noopener nofollow\"\n\t\t\tdata-full-res=\"https:\/\/scontent-itm1-1.cdninstagram.com\/v\/t51.29350-15\/413458729_1824339511330592_679178542594792298_n.jpg?stp=dst-jpg_e35_tt6&#038;_nc_cat=110&#038;ccb=1-7&#038;_nc_sid=18de74&#038;efg=eyJlZmdfdGFnIjoiQ0FST1VTRUxfSVRFTS5iZXN0X2ltYWdlX3VybGdlbi5DMyJ9&#038;_nc_ohc=4aFci1kvhkYQ7kNvwGqr-O4&#038;_nc_oc=AdmippYa49nhi5kf5-emIzJIlxH1bxufJEHaDFsjrGUf-Fam4iJq7koVAd7VWWg3990&#038;_nc_zt=23&#038;_nc_ht=scontent-itm1-1.cdninstagram.com&#038;edm=ANo9K5cEAAAA&#038;_nc_gid=4Q7dWRkBG49WPKMuKkyM6g&#038;oh=00_AffdYhQN6_o7fwg7DlcnPyUj2HL8cXVSHxQmQ5wnAgtOYw&#038;oe=68FB0417\"\n\t\t\tdata-img-src-set=\"{&quot;d&quot;:&quot;https:\\\/\\\/scontent-itm1-1.cdninstagram.com\\\/v\\\/t51.29350-15\\\/413458729_1824339511330592_679178542594792298_n.jpg?stp=dst-jpg_e35_tt6&amp;_nc_cat=110&amp;ccb=1-7&amp;_nc_sid=18de74&amp;efg=eyJlZmdfdGFnIjoiQ0FST1VTRUxfSVRFTS5iZXN0X2ltYWdlX3VybGdlbi5DMyJ9&amp;_nc_ohc=4aFci1kvhkYQ7kNvwGqr-O4&amp;_nc_oc=AdmippYa49nhi5kf5-emIzJIlxH1bxufJEHaDFsjrGUf-Fam4iJq7koVAd7VWWg3990&amp;_nc_zt=23&amp;_nc_ht=scontent-itm1-1.cdninstagram.com&amp;edm=ANo9K5cEAAAA&amp;_nc_gid=4Q7dWRkBG49WPKMuKkyM6g&amp;oh=00_AffdYhQN6_o7fwg7DlcnPyUj2HL8cXVSHxQmQ5wnAgtOYw&amp;oe=68FB0417&quot;,&quot;150&quot;:&quot;https:\\\/\\\/scontent-itm1-1.cdninstagram.com\\\/v\\\/t51.29350-15\\\/413458729_1824339511330592_679178542594792298_n.jpg?stp=dst-jpg_e35_tt6&amp;_nc_cat=110&amp;ccb=1-7&amp;_nc_sid=18de74&amp;efg=eyJlZmdfdGFnIjoiQ0FST1VTRUxfSVRFTS5iZXN0X2ltYWdlX3VybGdlbi5DMyJ9&amp;_nc_ohc=4aFci1kvhkYQ7kNvwGqr-O4&amp;_nc_oc=AdmippYa49nhi5kf5-emIzJIlxH1bxufJEHaDFsjrGUf-Fam4iJq7koVAd7VWWg3990&amp;_nc_zt=23&amp;_nc_ht=scontent-itm1-1.cdninstagram.com&amp;edm=ANo9K5cEAAAA&amp;_nc_gid=4Q7dWRkBG49WPKMuKkyM6g&amp;oh=00_AffdYhQN6_o7fwg7DlcnPyUj2HL8cXVSHxQmQ5wnAgtOYw&amp;oe=68FB0417&quot;,&quot;320&quot;:&quot;https:\\\/\\\/scontent-itm1-1.cdninstagram.com\\\/v\\\/t51.29350-15\\\/413458729_1824339511330592_679178542594792298_n.jpg?stp=dst-jpg_e35_tt6&amp;_nc_cat=110&amp;ccb=1-7&amp;_nc_sid=18de74&amp;efg=eyJlZmdfdGFnIjoiQ0FST1VTRUxfSVRFTS5iZXN0X2ltYWdlX3VybGdlbi5DMyJ9&amp;_nc_ohc=4aFci1kvhkYQ7kNvwGqr-O4&amp;_nc_oc=AdmippYa49nhi5kf5-emIzJIlxH1bxufJEHaDFsjrGUf-Fam4iJq7koVAd7VWWg3990&amp;_nc_zt=23&amp;_nc_ht=scontent-itm1-1.cdninstagram.com&amp;edm=ANo9K5cEAAAA&amp;_nc_gid=4Q7dWRkBG49WPKMuKkyM6g&amp;oh=00_AffdYhQN6_o7fwg7DlcnPyUj2HL8cXVSHxQmQ5wnAgtOYw&amp;oe=68FB0417&quot;,&quot;640&quot;:&quot;https:\\\/\\\/scontent-itm1-1.cdninstagram.com\\\/v\\\/t51.29350-15\\\/413458729_1824339511330592_679178542594792298_n.jpg?stp=dst-jpg_e35_tt6&amp;_nc_cat=110&amp;ccb=1-7&amp;_nc_sid=18de74&amp;efg=eyJlZmdfdGFnIjoiQ0FST1VTRUxfSVRFTS5iZXN0X2ltYWdlX3VybGdlbi5DMyJ9&amp;_nc_ohc=4aFci1kvhkYQ7kNvwGqr-O4&amp;_nc_oc=AdmippYa49nhi5kf5-emIzJIlxH1bxufJEHaDFsjrGUf-Fam4iJq7koVAd7VWWg3990&amp;_nc_zt=23&amp;_nc_ht=scontent-itm1-1.cdninstagram.com&amp;edm=ANo9K5cEAAAA&amp;_nc_gid=4Q7dWRkBG49WPKMuKkyM6g&amp;oh=00_AffdYhQN6_o7fwg7DlcnPyUj2HL8cXVSHxQmQ5wnAgtOYw&amp;oe=68FB0417&quot;}\">\n\t\t\t<span class=\"sbi-screenreader\">\u4eca\u5e74\u4e00\u5e74\u3042\u308a\u304c\u3068\u3046\u3054\u3056\u3044\u307e\u3057\u305f\u3002\n\u307f\u3093\u306a\u306e\u9811\u5f35\u308a\u306e\u304a\u304b\u3052\u3067\u3053\u306e\u4e00\u5e74\u7a7a\u304f\u3053\u3068\u306a\u304f\u7121\u4e8b\u7d0d\u3081\u308b\u3053\u3068\u304c\u3067\u304d\u307e<\/span>\n\t\t\t<svg class=\"svg-inline--fa fa-clone fa-w-16 sbi_lightbox_carousel_icon\" aria-hidden=\"true\" aria-label=\"Clone\" data-fa-pro\u0192cessed=\"\" data-prefix=\"far\" data-icon=\"clone\" role=\"img\" xmlns=\"http:\/\/www.w3.org\/2000\/svg\" viewBox=\"0 0 512 512\">\n                    <path fill=\"currentColor\" d=\"M464 0H144c-26.51 0-48 21.49-48 48v48H48c-26.51 0-48 21.49-48 48v320c0 26.51 21.49 48 48 48h320c26.51 0 48-21.49 48-48v-48h48c26.51 0 48-21.49 48-48V48c0-26.51-21.49-48-48-48zM362 464H54a6 6 0 0 1-6-6V150a6 6 0 0 1 6-6h42v224c0 26.51 21.49 48 48 48h224v42a6 6 0 0 1-6 6zm96-96H150a6 6 0 0 1-6-6V54a6 6 0 0 1 6-6h308a6 6 0 0 1 6 6v308a6 6 0 0 1-6 6z\"><\/path>\n                <\/svg>\t\t\t\t\t\t<img decoding=\"async\" src=\"https:\/\/nojirikensou.jp\/wp-content\/plugins\/instagram-feed\/img\/placeholder.png\" alt=\"\u4eca\u5e74\u4e00\u5e74\u3042\u308a\u304c\u3068\u3046\u3054\u3056\u3044\u307e\u3057\u305f\u3002\n\u307f\u3093\u306a\u306e\u9811\u5f35\u308a\u306e\u304a\u304b\u3052\u3067\u3053\u306e\u4e00\u5e74\u7a7a\u304f\u3053\u3068\u306a\u304f\u7121\u4e8b\u7d0d\u3081\u308b\u3053\u3068\u304c\u3067\u304d\u307e\u3057\u305f\n\u307e\u3060\u307e\u3060\u672a\u719f\u3084\u3051\u3069\u73fe\u72b6\u306b\u6e80\u8db3\u305b\u305a\u307f\u3093\u306a\u304c\u7a3c\u3052\u308b\u3088\u3046\u52aa\u529b\u3057\u3066\u3044\u304d\u307e\u3059\ud83d\udd25\n\u3084\u308a\u304c\u3044\u304c\u3042\u3063\u3066\u697d\u3057\u304f\u3001\u3067\u304d\u308b\u3060\u3051\u30b9\u30c8\u30ec\u30b9\u30d5\u30ea\u30fc\u306a\u8077\u5834\u3092\u76ee\u6307\u3057\u307e\u3059\n\u3044\u3044\u4ed5\u4e8b\u4ef2\u9593\u306b\u6075\u307e\u308c\u3066\u5e78\u305b\u8005\u3067\u3059\ud83d\ude47\u200d\u2642\ufe0f\" aria-hidden=\"true\">\n\t\t<\/a>\n\t<\/div>\n<\/div>\t<\/div>\n\n\t<div id=\"sbi_load\" >\n\n\t\n\t\t\t<span class=\"sbi_follow_btn sbi_custom\" >\n\t\t\t<a target=\"_blank\"\n\t\t\t\trel=\"nofollow noopener\"  href=\"https:\/\/www.instagram.com\/nojiken11\/\" style=\"background: rgb(33,74,142);\">\n\t\t\t\t<svg class=\"svg-inline--fa fa-instagram fa-w-14\" aria-hidden=\"true\" data-fa-processed=\"\" aria-label=\"Instagram\" data-prefix=\"fab\" data-icon=\"instagram\" role=\"img\" viewBox=\"0 0 448 512\">\n                    <path fill=\"currentColor\" d=\"M224.1 141c-63.6 0-114.9 51.3-114.9 114.9s51.3 114.9 114.9 114.9S339 319.5 339 255.9 287.7 141 224.1 141zm0 189.6c-41.1 0-74.7-33.5-74.7-74.7s33.5-74.7 74.7-74.7 74.7 33.5 74.7 74.7-33.6 74.7-74.7 74.7zm146.4-194.3c0 14.9-12 26.8-26.8 26.8-14.9 0-26.8-12-26.8-26.8s12-26.8 26.8-26.8 26.8 12 26.8 26.8zm76.1 27.2c-1.7-35.9-9.9-67.7-36.2-93.9-26.2-26.2-58-34.4-93.9-36.2-37-2.1-147.9-2.1-184.9 0-35.8 1.7-67.6 9.9-93.9 36.1s-34.4 58-36.2 93.9c-2.1 37-2.1 147.9 0 184.9 1.7 35.9 9.9 67.7 36.2 93.9s58 34.4 93.9 36.2c37 2.1 147.9 2.1 184.9 0 35.9-1.7 67.7-9.9 93.9-36.2 26.2-26.2 34.4-58 36.2-93.9 2.1-37 2.1-147.8 0-184.8zM398.8 388c-7.8 19.6-22.9 34.7-42.6 42.6-29.5 11.7-99.5 9-132.1 9s-102.7 2.6-132.1-9c-19.6-7.8-34.7-22.9-42.6-42.6-11.7-29.5-9-99.5-9-132.1s-2.6-102.7 9-132.1c7.8-19.6 22.9-34.7 42.6-42.6 29.5-11.7 99.5-9 132.1-9s102.7-2.6 132.1 9c19.6 7.8 34.7 22.9 42.6 42.6 11.7 29.5 9 99.5 9 132.1s2.7 102.7-9 132.1z\"><\/path>\n                <\/svg>\t\t\t\t<span>Instagram \u3067\u30d5\u30a9\u30ed\u30fc<\/span>\n\t\t\t<\/a>\n\t\t<\/span>\n\t\n<\/div>\n\t\t<span class=\"sbi_resized_image_data\" data-feed-id=\"*1\"\n\t\t  data-resized=\"{&quot;18136492210383926&quot;:{&quot;id&quot;:&quot;480740294_17975351663817032_7503815290517932605_n&quot;,&quot;ratio&quot;:&quot;1.33&quot;,&quot;sizes&quot;:{&quot;full&quot;:640,&quot;low&quot;:320,&quot;thumb&quot;:150},&quot;extension&quot;:&quot;.webp&quot;},&quot;18009957512279312&quot;:{&quot;id&quot;:&quot;413458729_1824339511330592_679178542594792298_n&quot;,&quot;ratio&quot;:&quot;0.80&quot;,&quot;sizes&quot;:{&quot;full&quot;:640,&quot;low&quot;:320,&quot;thumb&quot;:150},&quot;extension&quot;:&quot;.webp&quot;}}\">\n\t<\/span>\n\t<\/div>\n\n\n\n\n\n<div class=\"wp-block-vk-blocks-spacer vk_spacer vk_spacer-type-margin-top\"><div class=\"vk_block-margin-lg--margin-top\"><\/div><\/div>\n\n\n\n<figure class=\"wp-block-image aligncenter size-full\"><img loading=\"lazy\" decoding=\"async\" width=\"1200\" height=\"600\" src=\"https:\/\/nojirikensou.jp\/wp-content\/uploads\/2025\/08\/\u304a\u6c17\u8efd\u306b.png\" alt=\"\" class=\"wp-image-89\" srcset=\"https:\/\/nojirikensou.jp\/wp-content\/uploads\/2025\/08\/\u304a\u6c17\u8efd\u306b.png 1200w, https:\/\/nojirikensou.jp\/wp-content\/uploads\/2025\/08\/\u304a\u6c17\u8efd\u306b-300x150.png 300w, https:\/\/nojirikensou.jp\/wp-content\/uploads\/2025\/08\/\u304a\u6c17\u8efd\u306b-1024x512.png 1024w, https:\/\/nojirikensou.jp\/wp-content\/uploads\/2025\/08\/\u304a\u6c17\u8efd\u306b-768x384.png 768w\" sizes=\"auto, (max-width: 1200px) 100vw, 1200px\" \/><\/figure>\n\n\n\n<div class=\"wp-block-vk-blocks-spacer vk_spacer vk_spacer-type-margin-top\"><div class=\"vk_block-margin-lg--margin-top\"><\/div><\/div>\n\n\n\n<div class=\"wp-block-contact-form-7-contact-form-selector\">\n<div class=\"wpcf7 no-js\" id=\"wpcf7-f7-o1\" lang=\"ja\" dir=\"ltr\" data-wpcf7-id=\"7\">\n<div class=\"screen-reader-response\"><p role=\"status\" aria-live=\"polite\" aria-atomic=\"true\"><\/p> <ul><\/ul><\/div>\n<script type=\"text\/javascript\" charset=\"UTF-8\" src=\"https:\/\/zipaddr.github.io\/zipaddrx.js?v=1.42\"><\/script><script defer src=\"data:text\/javascript;base64,ZnVuY3Rpb24gemlwYWRkcl9vd25iKCl7WlAuZGxpPSctJztaUC53cD0nMSc7WlAudXZlcj0nODgxMzQuMTgxOTMuODI2ODknO1pQLnN5c2lkPSdDb250YWN0Rm9ybTcnO30=\"><\/script><script type=\"text\/javascript\" charset=\"UTF-8\" src=\"https:\/\/zipaddr.github.io\/contactform7.js\"><\/script><form action=\"\/index.php?rest_route=%2Fwp%2Fv2%2Fpages%2F261#wpcf7-f7-o1\" method=\"post\" class=\"wpcf7-form init\" aria-label=\"\u30b3\u30f3\u30bf\u30af\u30c8\u30d5\u30a9\u30fc\u30e0\" novalidate=\"novalidate\" data-status=\"init\">\n<fieldset class=\"hidden-fields-container\"><input type=\"hidden\" name=\"_wpcf7\" value=\"7\" \/><input type=\"hidden\" name=\"_wpcf7_version\" value=\"6.1.5\" \/><input type=\"hidden\" name=\"_wpcf7_locale\" value=\"ja\" \/><input type=\"hidden\" name=\"_wpcf7_unit_tag\" value=\"wpcf7-f7-o1\" \/><input type=\"hidden\" name=\"_wpcf7_container_post\" value=\"0\" \/><input type=\"hidden\" name=\"_wpcf7_posted_data_hash\" value=\"\" \/>\n<\/fieldset>\n<table class=\"CF7_table\">\n\t<tr>\n\t\t<th>\n\t\t\t<p><span class=\"CF7_req\">\u5fc5\u9808<\/span> \u3054\u76f8\u8ac7\u5185\u5bb9\n\t\t\t<\/p>\n\t\t<\/th>\n\t\t<td>\n\t\t\t<p><span class=\"wpcf7-form-control-wrap\" data-name=\"checkbox-inq\"><span class=\"wpcf7-form-control wpcf7-checkbox wpcf7-validates-as-required\"><span class=\"wpcf7-list-item first\"><input type=\"checkbox\" name=\"checkbox-inq[]\" value=\"\u898b\u7a4d\u4f9d\u983c\u306b\u3064\u3044\u3066\" \/><span class=\"wpcf7-list-item-label\">\u898b\u7a4d\u4f9d\u983c\u306b\u3064\u3044\u3066<\/span><\/span><span class=\"wpcf7-list-item\"><input type=\"checkbox\" name=\"checkbox-inq[]\" value=\"\u696d\u52d9\u4f9d\u983c\u306b\u3064\u3044\u3066\" \/><span class=\"wpcf7-list-item-label\">\u696d\u52d9\u4f9d\u983c\u306b\u3064\u3044\u3066<\/span><\/span><span class=\"wpcf7-list-item\"><input type=\"checkbox\" name=\"checkbox-inq[]\" value=\"\u6c42\u4eba\u306b\u3064\u3044\u3066\" \/><span class=\"wpcf7-list-item-label\">\u6c42\u4eba\u306b\u3064\u3044\u3066<\/span><\/span><span class=\"wpcf7-list-item last\"><input type=\"checkbox\" name=\"checkbox-inq[]\" value=\"\u305d\u306e\u4ed6\" \/><span class=\"wpcf7-list-item-label\">\u305d\u306e\u4ed6<\/span><\/span><\/span><\/span>\n\t\t\t<\/p>\n\t\t<\/td>\n\t<\/tr>\n\t<tr>\n\t\t<th>\n\t\t\t<p><span class=\"CF7_req\">\u5fc5\u9808<\/span> \u6c0f\u540d\n\t\t\t<\/p>\n\t\t<\/th>\n\t\t<td>\n\t\t\t<p><span class=\"wpcf7-form-control-wrap\" data-name=\"your-name\"><input size=\"40\" maxlength=\"400\" class=\"wpcf7-form-control wpcf7-text wpcf7-validates-as-required\" aria-required=\"true\" aria-invalid=\"false\" placeholder=\"\u4f8b\uff1a\u9234\u6728\u3000\u592a\u90ce\" value=\"\" type=\"text\" name=\"your-name\" \/><\/span>\n\t\t\t<\/p>\n\t\t<\/td>\n\t<\/tr>\n\t<tr>\n\t\t<th>\n\t\t\t<p><span class=\"CF7_req\">\u5fc5\u9808<\/span> \u30e1\u30fc\u30eb\u30a2\u30c9\u30ec\u30b9\n\t\t\t<\/p>\n\t\t<\/th>\n\t\t<td>\n\t\t\t<p><span class=\"wpcf7-form-control-wrap\" data-name=\"your-email\"><input size=\"40\" maxlength=\"400\" class=\"wpcf7-form-control wpcf7-email wpcf7-validates-as-required wpcf7-text wpcf7-validates-as-email\" aria-required=\"true\" aria-invalid=\"false\" placeholder=\"\u4f8b\uff1a\u00d7\u00d7\u00d7@\u00d7\u00d7\u00d7.com\" value=\"\" type=\"email\" name=\"your-email\" \/><\/span>\n\t\t\t<\/p>\n\t\t<\/td>\n\t<\/tr>\n\t<tr>\n\t\t<th>\n\t\t\t<p><span class=\"CF7_req\">\u4efb\u610f<\/span>\u4f1a\u793e\u540d\n\t\t\t<\/p>\n\t\t<\/th>\n\t\t<td>\n\t\t\t<p><span class=\"wpcf7-form-control-wrap\" data-name=\"your-company\"><input size=\"40\" maxlength=\"400\" class=\"wpcf7-form-control wpcf7-text\" aria-invalid=\"false\" placeholder=\"\u4f8b\uff1a\u682a\u5f0f\u4f1a\u793e\u30c6\u30b9\u30c8\" value=\"\" type=\"text\" name=\"your-company\" \/><\/span>\n\t\t\t<\/p>\n\t\t<\/td>\n\t<\/tr>\n\t<tr>\n\t\t<th>\n\t\t\t<p><span class=\"CF7_req\">\u4efb\u610f<\/span>\u90f5\u4fbf\u756a\u53f7\n\t\t\t<\/p>\n\t\t<\/th>\n\t\t<td>\n\t\t\t<p><span class=\"wpcf7-form-control-wrap\" data-name=\"zip\"><input size=\"40\" maxlength=\"400\" class=\"wpcf7-form-control wpcf7-text\" id=\"zip\" aria-invalid=\"false\" placeholder=\"\u4f8b\uff1a123-4567\" value=\"\" type=\"text\" name=\"zip\" \/><\/span>\n\t\t\t<\/p>\n\t\t<\/td>\n\t<\/tr>\n\t<tr>\n\t\t<th>\n\t\t\t<p><span class=\"CF7_req\">\u4efb\u610f<\/span>\u90fd\u9053\u5e9c\u770c\n\t\t\t<\/p>\n\t\t<\/th>\n\t\t<td>\n\t\t\t<p><span class=\"wpcf7-form-control-wrap\" data-name=\"pref\"><input size=\"40\" maxlength=\"400\" class=\"wpcf7-form-control wpcf7-text\" id=\"pref\" aria-invalid=\"false\" placeholder=\"\u4f8b\uff1a\u548c\u6b4c\u5c71\u770c\" value=\"\" type=\"text\" name=\"pref\" \/><\/span>\n\t\t\t<\/p>\n\t\t<\/td>\n\t<\/tr>\n\t<tr>\n\t\t<th>\n\t\t\t<p><span class=\"CF7_req\">\u4efb\u610f<\/span>\u3054\u4f4f\u6240\n\t\t\t<\/p>\n\t\t<\/th>\n\t\t<td class=\"address-100\">\n\t\t\t<p><span class=\"wpcf7-form-control-wrap\" data-name=\"addr\"><input size=\"40\" maxlength=\"400\" class=\"wpcf7-form-control wpcf7-text\" id=\"addr\" aria-invalid=\"false\" placeholder=\"\u4f8b\uff1a\u548c\u6b4c\u5c71\u5e02\uff11\uff12\uff13\uff14\uff15\" value=\"\" type=\"text\" name=\"addr\" \/><\/span>\n\t\t\t<\/p>\n\t\t<\/td>\n\t<\/tr>\n\t<tr>\n\t\t<th>\n\t\t\t<p><span class=\"CF7_req\">\u5fc5\u9808<\/span>\u304a\u96fb\u8a71\u756a\u53f7\n\t\t\t<\/p>\n\t\t<\/th>\n\t\t<td>\n\t\t\t<p><span class=\"wpcf7-form-control-wrap\" data-name=\"your-tel\"><input size=\"40\" maxlength=\"400\" class=\"wpcf7-form-control wpcf7-text wpcf7-validates-as-required\" aria-required=\"true\" aria-invalid=\"false\" placeholder=\"\u4f8b\uff1a03-1234-5678\" value=\"\" type=\"text\" name=\"your-tel\" \/><\/span>\n\t\t\t<\/p>\n\t\t<\/td>\n\t<\/tr>\n\t<tr>\n\t\t<th>\n\t\t\t<p><span class=\"CF7_req\">\u5fc5\u9808<\/span>\u30e1\u30c3\u30bb\u30fc\u30b8\u672c\u6587\n\t\t\t<\/p>\n\t\t<\/th>\n\t\t<td class=\"message-100\">\n\t\t\t<p><span class=\"wpcf7-form-control-wrap\" data-name=\"your-message\"><textarea cols=\"40\" rows=\"10\" maxlength=\"2000\" class=\"wpcf7-form-control wpcf7-textarea wpcf7-validates-as-required\" aria-required=\"true\" aria-invalid=\"false\" placeholder=\"\u304a\u554f\u3044\u5408\u308f\u305b\u5185\u5bb9\u3092\u3054\u8a18\u5165\u304f\u3060\u3055\u3044\" name=\"your-message\"><\/textarea><\/span>\n\t\t\t<\/p>\n\t\t<\/td>\n\t<\/tr>\n<\/table>\n<p class=\"CF7_btn\"><input class=\"wpcf7-form-control wpcf7-submit has-spinner\" type=\"submit\" value=\"\u9001\u4fe1\u3059\u308b\" \/>\n<\/p>\n<p><script>\ndocument.addEventListener( 'wpcf7mailsent', function( event ) {\n location = 'https:\/\/nojirikensou.jp\/?page_id=215';\n}, false );\n<\/script>\n<\/p><div class=\"wpcf7-response-output\" aria-hidden=\"true\"><\/div>\n<\/form>\n<\/div>\n<\/div>\n\n\n\n<p><\/p>\n","protected":false},"excerpt":{"rendered":"","protected":false},"author":1,"featured_media":0,"parent":0,"menu_order":0,"comment_status":"closed","ping_status":"closed","template":"","meta":{"om_disable_all_campaigns":false,"_monsterinsights_skip_tracking":false,"_monsterinsights_sitenote_active":false,"_monsterinsights_sitenote_note":"","_monsterinsights_sitenote_category":0,"vkexunit_cta_each_option":"","footnotes":""},"class_list":["post-261","page","type-page","status-publish","hentry"],"aioseo_notices":[],"_links":{"self":[{"href":"https:\/\/nojirikensou.jp\/index.php?rest_route=\/wp\/v2\/pages\/261","targetHints":{"allow":["GET"]}}],"collection":[{"href":"https:\/\/nojirikensou.jp\/index.php?rest_route=\/wp\/v2\/pages"}],"about":[{"href":"https:\/\/nojirikensou.jp\/index.php?rest_route=\/wp\/v2\/types\/page"}],"author":[{"embeddable":true,"href":"https:\/\/nojirikensou.jp\/index.php?rest_route=\/wp\/v2\/users\/1"}],"replies":[{"embeddable":true,"href":"https:\/\/nojirikensou.jp\/index.php?rest_route=%2Fwp%2Fv2%2Fcomments&post=261"}],"version-history":[{"count":3,"href":"https:\/\/nojirikensou.jp\/index.php?rest_route=\/wp\/v2\/pages\/261\/revisions"}],"predecessor-version":[{"id":266,"href":"https:\/\/nojirikensou.jp\/index.php?rest_route=\/wp\/v2\/pages\/261\/revisions\/266"}],"wp:attachment":[{"href":"https:\/\/nojirikensou.jp\/index.php?rest_route=%2Fwp%2Fv2%2Fmedia&parent=261"}],"curies":[{"name":"wp","href":"https:\/\/api.w.org\/{rel}","templated":true}]}}